{"id":348,"date":"2025-05-08T12:20:13","date_gmt":"2025-05-08T16:20:13","guid":{"rendered":"http:\/\/b0c.11e.mytemp.website\/o\/?page_id=348"},"modified":"2025-05-20T20:09:58","modified_gmt":"2025-05-21T00:09:58","slug":"electrocardiogramme","status":"publish","type":"page","link":"https:\/\/www.centrecardio.com\/o\/electrocardiogramme\/","title":{"rendered":"ECR \/ \u00c9lectrocardiogramme \u00e0 l&rsquo;effort (tapis roulant)"},"content":{"rendered":"<p>[et_pb_section fb_built=\u00a0\u00bb1&Prime; _builder_version=\u00a0\u00bb4.27.4&Prime; _module_preset=\u00a0\u00bbdefault\u00a0\u00bb custom_padding=\u00a0\u00bb||3px|||\u00a0\u00bb global_colors_info=\u00a0\u00bb{}\u00a0\u00bb][et_pb_row _builder_version=\u00a0\u00bb4.27.4&Prime; _module_preset=\u00a0\u00bbdefault\u00a0\u00bb custom_padding=\u00a0\u00bb||7px|||\u00a0\u00bb global_colors_info=\u00a0\u00bb{}\u00a0\u00bb][et_pb_column type=\u00a0\u00bb4_4&Prime; _builder_version=\u00a0\u00bb4.27.4&Prime; _module_preset=\u00a0\u00bbdefault\u00a0\u00bb global_colors_info=\u00a0\u00bb{}\u00a0\u00bb][et_pb_text _builder_version=\u00a0\u00bb4.27.4&Prime; _module_preset=\u00a0\u00bbdefault\u00a0\u00bb custom_margin=\u00a0\u00bb||2px|||\u00a0\u00bb global_colors_info=\u00a0\u00bb{}\u00a0\u00bb]<\/p>\n<h1>\u00c9lectrocardiogramme \u00e0 l&rsquo;effort (tapis roulant)<\/h1>\n<p>[\/et_pb_text][et_pb_text _builder_version=\u00a0\u00bb4.27.4&Prime; _module_preset=\u00a0\u00bbdefault\u00a0\u00bb text_font=\u00a0\u00bbABeeZee||||||||\u00a0\u00bb text_font_size=\u00a0\u00bb17px\u00a0\u00bb global_colors_info=\u00a0\u00bb{}\u00a0\u00bb]<\/p>\n<p style=\"text-align: justify;\">L\u2019\u00e9lectrocardiogramme \u00e0 l\u2019effort ou tapis roulant est un examen qui sert \u00e0 enregistrer l\u2019activit\u00e9 cardiaque d\u2019un patient durant un effort physique. L\u2019ECG \u00e0 l\u2019effort est toujours r\u00e9alis\u00e9 en pr\u00e9sence d\u2019un m\u00e9decin autoris\u00e9.<\/p>\n<p>[\/et_pb_text][\/et_pb_column][\/et_pb_row][et_pb_row column_structure=\u00a0\u00bb1_3,2_3&Prime; _builder_version=\u00a0\u00bb4.27.4&Prime; _module_preset=\u00a0\u00bbdefault\u00a0\u00bb custom_padding=\u00a0\u00bb||6px|||\u00a0\u00bb global_colors_info=\u00a0\u00bb{}\u00a0\u00bb][et_pb_column type=\u00a0\u00bb1_3&Prime; _builder_version=\u00a0\u00bb4.27.4&Prime; _module_preset=\u00a0\u00bbdefault\u00a0\u00bb global_colors_info=\u00a0\u00bb{}\u00a0\u00bb][et_pb_image src=\u00a0\u00bbhttps:\/\/www.centrecardio.com\/o\/wp-content\/uploads\/2025\/05\/tapis-GE.png\u00a0\u00bb title_text=\u00a0\u00bbtapis-GE\u00a0\u00bb _builder_version=\u00a0\u00bb4.27.4&Prime; _module_preset=\u00a0\u00bbdefault\u00a0\u00bb hover_enabled=\u00a0\u00bb0&Prime; border_radii=\u00a0\u00bbon|15px|15px|15px|15px\u00a0\u00bb global_colors_info=\u00a0\u00bb{}\u00a0\u00bb sticky_enabled=\u00a0\u00bb0&Prime;][\/et_pb_image][\/et_pb_column][et_pb_column type=\u00a0\u00bb2_3&Prime; _builder_version=\u00a0\u00bb4.27.4&Prime; _module_preset=\u00a0\u00bbdefault\u00a0\u00bb global_colors_info=\u00a0\u00bb{}\u00a0\u00bb][et_pb_text _builder_version=\u00a0\u00bb4.27.4&Prime; _module_preset=\u00a0\u00bbdefault\u00a0\u00bb text_font=\u00a0\u00bbABeeZee||||||||\u00a0\u00bb text_font_size=\u00a0\u00bb17px\u00a0\u00bb global_colors_info=\u00a0\u00bb{}\u00a0\u00bb]<\/p>\n<p style=\"text-align: justify;\"><span style=\"font-size: 17px;\">Pour r\u00e9aliser cet examen, 10 \u00e9lectrodes sont install\u00e9es sur la poitrine du patient. Ces \u00e9lectrodes sont reli\u00e9es \u00e0 un ordinateur, ce qui permet au m\u00e9decin pr\u00e9sent de voir le rythme cardiaque du patient en temps r\u00e9el.<\/span><\/p>\n<p style=\"text-align: justify;\">Avant de proc\u00e9der \u00e0 l\u2019examen, un m\u00e9decin rencontre le patient afin d&rsquo;identifier les facteurs de risque. Il proc\u00e8de aussi \u00e0 un examen cardiovasculaire et \u00e0 un \u00e9lectrocardiogramme au repos.<\/p>\n<p style=\"text-align: justify;\">Le patient peut ensuite commencer \u00e0 marcher sur le tapis roulant. L\u2019ordinateur r\u00e8gle la vitesse et l\u2019inclinaison suivant un protocole universel bien pr\u00e9cis.<\/p>\n<p style=\"text-align: justify;\">Lorsque l\u2019examen est termin\u00e9, le patient re\u00e7oit imm\u00e9diatement les r\u00e9sultats de son examen et une copie est envoy\u00e9e au m\u00e9decin de famille.<\/p>\n<p style=\"text-align: justify;\"><span><\/span><\/p>\n<p>[\/et_pb_text][\/et_pb_column][\/et_pb_row][et_pb_row _builder_version=\u00a0\u00bb4.27.4&Prime; _module_preset=\u00a0\u00bbdefault\u00a0\u00bb custom_padding=\u00a0\u00bb3px|||||\u00a0\u00bb global_colors_info=\u00a0\u00bb{}\u00a0\u00bb][et_pb_column type=\u00a0\u00bb4_4&Prime; _builder_version=\u00a0\u00bb4.27.4&Prime; _module_preset=\u00a0\u00bbdefault\u00a0\u00bb global_colors_info=\u00a0\u00bb{}\u00a0\u00bb][et_pb_text _builder_version=\u00a0\u00bb4.27.4&Prime; _module_preset=\u00a0\u00bbdefault\u00a0\u00bb text_font=\u00a0\u00bbABeeZee||||||||\u00a0\u00bb text_font_size=\u00a0\u00bb17px\u00a0\u00bb custom_margin=\u00a0\u00bb20px|||||\u00a0\u00bb global_colors_info=\u00a0\u00bb{}\u00a0\u00bb]<\/p>\n<p style=\"text-align: justify;\"><strong>Consignes \u00e0 suivre pour l\u2019 ECG \u00e0 l\u2019effort<\/strong><\/p>\n<ul>\n<li>Apporter votre carte d\u2019assurance maladie.<\/li>\n<li>Apporter votre demande d\u2019examen d\u00fbment sign\u00e9e par votre m\u00e9decin.<\/li>\n<li>Apporter une liste \u00e0 jour (pharmacie) ou vos contenants de m\u00e9dicaments avec \u00e9tiquettes.<\/li>\n<li>Porter des v\u00eatements et chaussures confortables.<\/li>\n<li>Pas de th\u00e9\/caf\u00e9 1 heure avant l\u2019examen.<\/li>\n<li>Prendre un repas l\u00e9ger 1 heure avant l\u2019examen.<\/li>\n<li>\u00c9viter de mettre de la cr\u00e8me ou de la lotion sur le thorax.<\/li>\n<li>Femme : Porter un chandail \u00e0 manche courte.<\/li>\n<\/ul>\n<p>[\/et_pb_text][\/et_pb_column][\/et_pb_row][et_pb_row _builder_version=\u00a0\u00bb4.27.4&Prime; _module_preset=\u00a0\u00bbdefault\u00a0\u00bb custom_padding=\u00a0\u00bb9px|||||\u00a0\u00bb global_module=\u00a0\u00bb466&Prime; global_colors_info=\u00a0\u00bb{}\u00a0\u00bb][et_pb_column type=\u00a0\u00bb4_4&Prime; _builder_version=\u00a0\u00bb4.27.4&Prime; _module_preset=\u00a0\u00bbdefault\u00a0\u00bb global_colors_info=\u00a0\u00bb{}\u00a0\u00bb][et_pb_code _builder_version=\u00a0\u00bb4.27.4&Prime; _module_preset=\u00a0\u00bbdefault\u00a0\u00bb global_colors_info=\u00a0\u00bb{}\u00a0\u00bb]<pee style=\"text-align: center;\"><a href=\"https:\/\/www.centrecardio.com\/o\/electrocardiogramme\/\">ECG \u00e0 l\u2019effort<\/a> | <a href=\"https:\/\/www.centrecardio.com\/o\/electrocardiogramme_repos\/\">ECG au repos<\/a> | <a href=\"https:\/\/www.centrecardio.com\/o\/kardia\/\">Kardia<\/a> | <a href=\"https:\/\/www.centrecardio.com\/o\/holter-2\/\">Holter<\/a> | <a href=\"https:\/\/www.centrecardio.com\/o\/echographie\/\">\u00c9chographie cardiaque<\/a> | <a href=\"https:\/\/www.centrecardio.com\/o\/consultation\/\">Consultation<\/a> | <a href=\"https:\/\/www.centrecardio.com\/o\/cardiostat\/\">Cardiostat<\/a><\/pee> <!-- [et_pb_line_break_holder] --><!-- [et_pb_line_break_holder] -->[\/et_pb_code][\/et_pb_column][\/et_pb_row][\/et_pb_section][et_pb_section fb_built=\u00a0\u00bb1&Prime; fullwidth=\u00a0\u00bbon\u00a0\u00bb _builder_version=\u00a0\u00bb4.27.4&Prime; _module_preset=\u00a0\u00bbdefault\u00a0\u00bb global_module=\u00a0\u00bb176&Prime; global_colors_info=\u00a0\u00bb{}\u00a0\u00bb][et_pb_fullwidth_code _builder_version=\u00a0\u00bb4.27.4&Prime; _module_preset=\u00a0\u00bbdefault\u00a0\u00bb global_colors_info=\u00a0\u00bb{}\u00a0\u00bb]<iframe src=\"https:\/\/www.google.com\/maps\/embed?pb=!1m18!1m12!1m3!1d2793.349175140276!2d-73.19001835843487!3d45.56341640736619!2m3!1f0!2f0!3f0!3m2!1i1024!2i768!4f13.1!3m3!1m2!1s0x4cc9ab25da4b0049%3A0x8ab7c5f0748e88da!2s370%20Bd%20Sir-Wilfrid-Laurier%2C%20Mont-Saint-Hilaire%2C%20QC%20J3H%205V3!5e0!3m2!1sfr!2sca!4v1746635399536!5m2!1sfr!2sca\" width=\"100%\" height=\"300\" style=\"border:0;\" allowfullscreen=\"\" loading=\"lazy\" referrerpolicy=\"no-referrer-when-downgrade\"><\/iframe>[\/et_pb_fullwidth_code][\/et_pb_section]<\/p>\n","protected":false},"excerpt":{"rendered":"<p>\u00c9lectrocardiogramme \u00e0 l&rsquo;effort (tapis roulant)L\u2019\u00e9lectrocardiogramme \u00e0 l\u2019effort ou tapis roulant est un examen qui sert \u00e0 enregistrer l\u2019activit\u00e9 cardiaque d\u2019un patient durant un effort physique. L\u2019ECG \u00e0 l\u2019effort est toujours r\u00e9alis\u00e9 en pr\u00e9sence d\u2019un m\u00e9decin autoris\u00e9.Pour r\u00e9aliser cet examen, 10 \u00e9lectrodes sont install\u00e9es sur la poitrine du patient. Ces \u00e9lectrodes sont reli\u00e9es \u00e0 un ordinateur, [&hellip;]<\/p>\n","protected":false},"author":1,"featured_media":0,"parent":0,"menu_order":0,"comment_status":"closed","ping_status":"closed","template":"","meta":{"_et_pb_use_builder":"on","_et_pb_old_content":"","_et_gb_content_width":"","footnotes":""},"class_list":["post-348","page","type-page","status-publish","hentry"],"_links":{"self":[{"href":"https:\/\/www.centrecardio.com\/o\/wp-json\/wp\/v2\/pages\/348","targetHints":{"allow":["GET"]}}],"collection":[{"href":"https:\/\/www.centrecardio.com\/o\/wp-json\/wp\/v2\/pages"}],"about":[{"href":"https:\/\/www.centrecardio.com\/o\/wp-json\/wp\/v2\/types\/page"}],"author":[{"embeddable":true,"href":"https:\/\/www.centrecardio.com\/o\/wp-json\/wp\/v2\/users\/1"}],"replies":[{"embeddable":true,"href":"https:\/\/www.centrecardio.com\/o\/wp-json\/wp\/v2\/comments?post=348"}],"version-history":[{"count":13,"href":"https:\/\/www.centrecardio.com\/o\/wp-json\/wp\/v2\/pages\/348\/revisions"}],"predecessor-version":[{"id":829,"href":"https:\/\/www.centrecardio.com\/o\/wp-json\/wp\/v2\/pages\/348\/revisions\/829"}],"wp:attachment":[{"href":"https:\/\/www.centrecardio.com\/o\/wp-json\/wp\/v2\/media?parent=348"}],"curies":[{"name":"wp","href":"https:\/\/api.w.org\/{rel}","templated":true}]}}