{"id":364,"date":"2025-05-08T12:50:51","date_gmt":"2025-05-08T16:50:51","guid":{"rendered":"http:\/\/b0c.11e.mytemp.website\/o\/?page_id=364"},"modified":"2025-05-19T21:23:37","modified_gmt":"2025-05-20T01:23:37","slug":"electrocardiogramme_repos","status":"publish","type":"page","link":"https:\/\/www.centrecardio.com\/o\/electrocardiogramme_repos\/","title":{"rendered":"ECR \/ \u00c9lectrocardiogramme au repos"},"content":{"rendered":"<p>[et_pb_section fb_built=\u00a0\u00bb1&Prime; _builder_version=\u00a0\u00bb4.27.4&Prime; _module_preset=\u00a0\u00bbdefault\u00a0\u00bb custom_padding=\u00a0\u00bb4px||3px|||\u00a0\u00bb global_colors_info=\u00a0\u00bb{}\u00a0\u00bb][et_pb_row _builder_version=\u00a0\u00bb4.27.4&Prime; _module_preset=\u00a0\u00bbdefault\u00a0\u00bb custom_padding=\u00a0\u00bb||7px|||\u00a0\u00bb global_colors_info=\u00a0\u00bb{}\u00a0\u00bb][et_pb_column type=\u00a0\u00bb4_4&Prime; _builder_version=\u00a0\u00bb4.27.4&Prime; _module_preset=\u00a0\u00bbdefault\u00a0\u00bb global_colors_info=\u00a0\u00bb{}\u00a0\u00bb][et_pb_text _builder_version=\u00a0\u00bb4.27.4&Prime; _module_preset=\u00a0\u00bbdefault\u00a0\u00bb custom_margin=\u00a0\u00bb||2px|||\u00a0\u00bb global_colors_info=\u00a0\u00bb{}\u00a0\u00bb]<\/p>\n<h1>ECG \/ \u00c9lectrocardiogramme au repos\u00a0<\/h1>\n<p>[\/et_pb_text][et_pb_text _builder_version=\u00a0\u00bb4.27.4&Prime; _module_preset=\u00a0\u00bbdefault\u00a0\u00bb text_font=\u00a0\u00bbABeeZee||||||||\u00a0\u00bb text_font_size=\u00a0\u00bb17px\u00a0\u00bb global_colors_info=\u00a0\u00bb{}\u00a0\u00bb]<\/p>\n<p><span>L&rsquo;\u00e9lectrocardiogramme au repos enregistre les forces \u00e9lectriques du coeur. Chaque fois que le c\u0153ur bat, c&rsquo;est-\u00e0-dire \u00e0 chaque r\u00e9p\u00e9tition du cycle cardiaque, se produit une s\u00e9rie d&rsquo;impulsions \u00e9lectriques qui sont le reflet pr\u00e9cis de l&rsquo;action de la pompe cardiaque. Ces impulsions peuvent \u00eatre enregistr\u00e9es \u00e0 l&rsquo;aide d\u2019\u00e9lectrodes.<\/span><\/p>\n<p>[\/et_pb_text][\/et_pb_column][\/et_pb_row][et_pb_row column_structure=\u00a0\u00bb1_3,2_3&Prime; _builder_version=\u00a0\u00bb4.27.4&Prime; _module_preset=\u00a0\u00bbdefault\u00a0\u00bb custom_padding=\u00a0\u00bb14px||6px|||\u00a0\u00bb global_colors_info=\u00a0\u00bb{}\u00a0\u00bb][et_pb_column type=\u00a0\u00bb1_3&Prime; _builder_version=\u00a0\u00bb4.27.4&Prime; _module_preset=\u00a0\u00bbdefault\u00a0\u00bb global_colors_info=\u00a0\u00bb{}\u00a0\u00bb][et_pb_image src=\u00a0\u00bbhttps:\/\/www.centrecardio.com\/o\/wp-content\/uploads\/2025\/05\/ecg-mac-5000.jpg\u00a0\u00bb title_text=\u00a0\u00bbecg-mac-5000&Prime; _builder_version=\u00a0\u00bb4.27.4&Prime; _module_preset=\u00a0\u00bbdefault\u00a0\u00bb border_radii=\u00a0\u00bbon|15px|15px|15px|15px\u00a0\u00bb global_colors_info=\u00a0\u00bb{}\u00a0\u00bb][\/et_pb_image][\/et_pb_column][et_pb_column type=\u00a0\u00bb2_3&Prime; _builder_version=\u00a0\u00bb4.27.4&Prime; _module_preset=\u00a0\u00bbdefault\u00a0\u00bb global_colors_info=\u00a0\u00bb{}\u00a0\u00bb][et_pb_text _builder_version=\u00a0\u00bb4.27.4&Prime; _module_preset=\u00a0\u00bbdefault\u00a0\u00bb text_font=\u00a0\u00bbABeeZee||||||||\u00a0\u00bb text_font_size=\u00a0\u00bb17px\u00a0\u00bb global_colors_info=\u00a0\u00bb{}\u00a0\u00bb]<\/p>\n<p style=\"text-align: justify;\">Dans le cas de l\u2019ECG au repos, 10 \u00e9lectrodes sont n\u00e9cessaires pour r\u00e9aliser cet examen. Elles sont plac\u00e9es sur la poitrine, ainsi qu\u2019aux poignets et aux chevilles.<\/p>\n<p style=\"text-align: justify;\">Une photo de l\u2019activit\u00e9 \u00e9lectrique est ensuite prise et imprim\u00e9e sur du papier millim\u00e9trique.<\/p>\n<p style=\"text-align: justify;\">Finalement, le trac\u00e9 est interpr\u00e9t\u00e9 et sign\u00e9 par l&rsquo;un de nos m\u00e9decins pour \u00eatre ensuite transmis au m\u00e9decin de famille.<\/p>\n<p>[\/et_pb_text][\/et_pb_column][\/et_pb_row][et_pb_row column_structure=\u00a0\u00bb2_3,1_3&Prime; _builder_version=\u00a0\u00bb4.27.4&Prime; _module_preset=\u00a0\u00bbdefault\u00a0\u00bb global_colors_info=\u00a0\u00bb{}\u00a0\u00bb custom_padding=\u00a0\u00bb2px|||||\u00a0\u00bb][et_pb_column type=\u00a0\u00bb2_3&Prime; _builder_version=\u00a0\u00bb4.27.4&Prime; _module_preset=\u00a0\u00bbdefault\u00a0\u00bb global_colors_info=\u00a0\u00bb{}\u00a0\u00bb][et_pb_text _builder_version=\u00a0\u00bb4.27.4&Prime; _module_preset=\u00a0\u00bbdefault\u00a0\u00bb text_font=\u00a0\u00bbABeeZee||||||||\u00a0\u00bb text_font_size=\u00a0\u00bb17px\u00a0\u00bb custom_margin=\u00a0\u00bb20px|||||\u00a0\u00bb global_colors_info=\u00a0\u00bb{}\u00a0\u00bb]<\/p>\n<p><strong>Consignes \u00e0 suivre pour l\u2019ECG au repos<\/strong><\/p>\n<ul>\n<li>Apporter votre carte d\u2019assurance maladie.<\/li>\n<li>Apporter votre demande d\u2019examen d\u00fbment sign\u00e9e par votre m\u00e9decin.<\/li>\n<li>Pas de cr\u00e8me, ni de lotion sur la poitrine.<\/li>\n<\/ul>\n<p>[\/et_pb_text][\/et_pb_column][et_pb_column type=\u00a0\u00bb1_3&Prime; _builder_version=\u00a0\u00bb4.27.4&Prime; _module_preset=\u00a0\u00bbdefault\u00a0\u00bb global_colors_info=\u00a0\u00bb{}\u00a0\u00bb][\/et_pb_column][\/et_pb_row][et_pb_row _builder_version=\u00a0\u00bb4.27.4&Prime; _module_preset=\u00a0\u00bbdefault\u00a0\u00bb custom_padding=\u00a0\u00bb9px|||||\u00a0\u00bb global_module=\u00a0\u00bb466&Prime; global_colors_info=\u00a0\u00bb{}\u00a0\u00bb][et_pb_column type=\u00a0\u00bb4_4&Prime; _builder_version=\u00a0\u00bb4.27.4&Prime; _module_preset=\u00a0\u00bbdefault\u00a0\u00bb global_colors_info=\u00a0\u00bb{}\u00a0\u00bb][et_pb_code _builder_version=\u00a0\u00bb4.27.4&Prime; _module_preset=\u00a0\u00bbdefault\u00a0\u00bb global_colors_info=\u00a0\u00bb{}\u00a0\u00bb]<pee style=\"text-align: center;\"><a href=\"https:\/\/www.centrecardio.com\/o\/electrocardiogramme\/\">ECG \u00e0 l\u2019effort<\/a> | <a href=\"https:\/\/www.centrecardio.com\/o\/electrocardiogramme_repos\/\">ECG au repos<\/a> | <a href=\"https:\/\/www.centrecardio.com\/o\/kardia\/\">Kardia<\/a> | <a href=\"https:\/\/www.centrecardio.com\/o\/holter-2\/\">Holter<\/a> | <a href=\"https:\/\/www.centrecardio.com\/o\/echographie\/\">\u00c9chographie cardiaque<\/a> | <a href=\"https:\/\/www.centrecardio.com\/o\/consultation\/\">Consultation<\/a> | <a href=\"https:\/\/www.centrecardio.com\/o\/cardiostat\/\">Cardiostat<\/a><\/pee> <!-- [et_pb_line_break_holder] --><!-- [et_pb_line_break_holder] -->[\/et_pb_code][\/et_pb_column][\/et_pb_row][\/et_pb_section][et_pb_section fb_built=\u00a0\u00bb1&Prime; fullwidth=\u00a0\u00bbon\u00a0\u00bb _builder_version=\u00a0\u00bb4.27.4&Prime; _module_preset=\u00a0\u00bbdefault\u00a0\u00bb global_module=\u00a0\u00bb176&Prime; global_colors_info=\u00a0\u00bb{}\u00a0\u00bb][et_pb_fullwidth_code _builder_version=\u00a0\u00bb4.27.4&Prime; _module_preset=\u00a0\u00bbdefault\u00a0\u00bb global_colors_info=\u00a0\u00bb{}\u00a0\u00bb]<iframe src=\"https:\/\/www.google.com\/maps\/embed?pb=!1m18!1m12!1m3!1d2793.349175140276!2d-73.19001835843487!3d45.56341640736619!2m3!1f0!2f0!3f0!3m2!1i1024!2i768!4f13.1!3m3!1m2!1s0x4cc9ab25da4b0049%3A0x8ab7c5f0748e88da!2s370%20Bd%20Sir-Wilfrid-Laurier%2C%20Mont-Saint-Hilaire%2C%20QC%20J3H%205V3!5e0!3m2!1sfr!2sca!4v1746635399536!5m2!1sfr!2sca\" width=\"100%\" height=\"300\" style=\"border:0;\" allowfullscreen=\"\" loading=\"lazy\" referrerpolicy=\"no-referrer-when-downgrade\"><\/iframe>[\/et_pb_fullwidth_code][\/et_pb_section]<\/p>\n","protected":false},"excerpt":{"rendered":"<p>ECG \/ \u00c9lectrocardiogramme au repos\u00a0L&rsquo;\u00e9lectrocardiogramme au repos enregistre les forces \u00e9lectriques du coeur. Chaque fois que le c\u0153ur bat, c&rsquo;est-\u00e0-dire \u00e0 chaque r\u00e9p\u00e9tition du cycle cardiaque, se produit une s\u00e9rie d&rsquo;impulsions \u00e9lectriques qui sont le reflet pr\u00e9cis de l&rsquo;action de la pompe cardiaque. Ces impulsions peuvent \u00eatre enregistr\u00e9es \u00e0 l&rsquo;aide d\u2019\u00e9lectrodes.Dans le cas de l\u2019ECG [&hellip;]<\/p>\n","protected":false},"author":1,"featured_media":0,"parent":0,"menu_order":0,"comment_status":"closed","ping_status":"closed","template":"","meta":{"_et_pb_use_builder":"on","_et_pb_old_content":"","_et_gb_content_width":"","footnotes":""},"class_list":["post-364","page","type-page","status-publish","hentry"],"_links":{"self":[{"href":"https:\/\/www.centrecardio.com\/o\/wp-json\/wp\/v2\/pages\/364","targetHints":{"allow":["GET"]}}],"collection":[{"href":"https:\/\/www.centrecardio.com\/o\/wp-json\/wp\/v2\/pages"}],"about":[{"href":"https:\/\/www.centrecardio.com\/o\/wp-json\/wp\/v2\/types\/page"}],"author":[{"embeddable":true,"href":"https:\/\/www.centrecardio.com\/o\/wp-json\/wp\/v2\/users\/1"}],"replies":[{"embeddable":true,"href":"https:\/\/www.centrecardio.com\/o\/wp-json\/wp\/v2\/comments?post=364"}],"version-history":[{"count":9,"href":"https:\/\/www.centrecardio.com\/o\/wp-json\/wp\/v2\/pages\/364\/revisions"}],"predecessor-version":[{"id":718,"href":"https:\/\/www.centrecardio.com\/o\/wp-json\/wp\/v2\/pages\/364\/revisions\/718"}],"wp:attachment":[{"href":"https:\/\/www.centrecardio.com\/o\/wp-json\/wp\/v2\/media?parent=364"}],"curies":[{"name":"wp","href":"https:\/\/api.w.org\/{rel}","templated":true}]}}