{"id":374,"date":"2025-05-08T13:01:56","date_gmt":"2025-05-08T17:01:56","guid":{"rendered":"http:\/\/b0c.11e.mytemp.website\/o\/?page_id=374"},"modified":"2025-05-12T07:28:36","modified_gmt":"2025-05-12T11:28:36","slug":"kardia","status":"publish","type":"page","link":"https:\/\/www.centrecardio.com\/o\/kardia\/","title":{"rendered":"kardia"},"content":{"rendered":"<p>[et_pb_section fb_built=\u00a0\u00bb1&Prime; _builder_version=\u00a0\u00bb4.27.4&Prime; _module_preset=\u00a0\u00bbdefault\u00a0\u00bb custom_padding=\u00a0\u00bb||3px|||\u00a0\u00bb global_colors_info=\u00a0\u00bb{}\u00a0\u00bb][et_pb_row _builder_version=\u00a0\u00bb4.27.4&Prime; _module_preset=\u00a0\u00bbdefault\u00a0\u00bb custom_padding=\u00a0\u00bb||7px|||\u00a0\u00bb global_colors_info=\u00a0\u00bb{}\u00a0\u00bb][et_pb_column type=\u00a0\u00bb4_4&Prime; _builder_version=\u00a0\u00bb4.27.4&Prime; _module_preset=\u00a0\u00bbdefault\u00a0\u00bb global_colors_info=\u00a0\u00bb{}\u00a0\u00bb][et_pb_text _builder_version=\u00a0\u00bb4.27.4&Prime; _module_preset=\u00a0\u00bbdefault\u00a0\u00bb custom_margin=\u00a0\u00bb||2px|||\u00a0\u00bb global_colors_info=\u00a0\u00bb{}\u00a0\u00bb]<\/p>\n<h1>Kardia<\/h1>\n<p>[\/et_pb_text][et_pb_text _builder_version=\u00a0\u00bb4.27.4&Prime; _module_preset=\u00a0\u00bbdefault\u00a0\u00bb text_font=\u00a0\u00bbABeeZee||||||||\u00a0\u00bb text_font_size=\u00a0\u00bb17px\u00a0\u00bb global_colors_info=\u00a0\u00bb{}\u00a0\u00bb]<\/p>\n<p><span>KardiaMobile communique par ultrasons avec votre smartphone. Ainsi, il suffit que l\u2019application soit ouverte et vous pouvez utiliser le dispositif : il est toujours connect\u00e9 !<\/span><\/p>\n<p>[\/et_pb_text][\/et_pb_column][\/et_pb_row][et_pb_row column_structure=\u00a0\u00bb1_3,2_3&Prime; _builder_version=\u00a0\u00bb4.27.4&Prime; _module_preset=\u00a0\u00bbdefault\u00a0\u00bb custom_padding=\u00a0\u00bb||6px|||\u00a0\u00bb global_colors_info=\u00a0\u00bb{}\u00a0\u00bb][et_pb_column type=\u00a0\u00bb1_3&Prime; _builder_version=\u00a0\u00bb4.27.4&Prime; _module_preset=\u00a0\u00bbdefault\u00a0\u00bb global_colors_info=\u00a0\u00bb{}\u00a0\u00bb][et_pb_image src=\u00a0\u00bbhttp:\/\/b0c.11e.mytemp.website\/o\/wp-content\/uploads\/2025\/05\/mapa3.png\u00a0\u00bb title_text=\u00a0\u00bbmapa3&Prime; _builder_version=\u00a0\u00bb4.27.4&Prime; _module_preset=\u00a0\u00bbdefault\u00a0\u00bb global_colors_info=\u00a0\u00bb{}\u00a0\u00bb][\/et_pb_image][\/et_pb_column][et_pb_column type=\u00a0\u00bb2_3&Prime; _builder_version=\u00a0\u00bb4.27.4&Prime; _module_preset=\u00a0\u00bbdefault\u00a0\u00bb global_colors_info=\u00a0\u00bb{}\u00a0\u00bb][et_pb_text _builder_version=\u00a0\u00bb4.27.4&Prime; _module_preset=\u00a0\u00bbdefault\u00a0\u00bb text_font=\u00a0\u00bbABeeZee||||||||\u00a0\u00bb text_font_size=\u00a0\u00bb17px\u00a0\u00bb global_colors_info=\u00a0\u00bb{}\u00a0\u00bb]<\/p>\n<p style=\"text-align: justify;\">Gr\u00e2ce \u00e0 un ECG de 30 secondes seulement l\u2019application utilise ses algorithmes de d\u00e9tection de la Fibrillation Atriale pour donner un diagnostic : Normal ou Potentielle FA.<\/p>\n<p style=\"text-align: justify;\">Dispositif simple, l\u00e9ger et plus petit qu\u2019une carte bancaire. Posez simplement les doigts sur les deux \u00e9lectrodes.<\/p>\n<p>[\/et_pb_text][\/et_pb_column][\/et_pb_row][et_pb_row _builder_version=\u00a0\u00bb4.27.4&Prime; _module_preset=\u00a0\u00bbdefault\u00a0\u00bb custom_padding=\u00a0\u00bb3px|||||\u00a0\u00bb global_colors_info=\u00a0\u00bb{}\u00a0\u00bb][et_pb_column type=\u00a0\u00bb4_4&Prime; _builder_version=\u00a0\u00bb4.27.4&Prime; _module_preset=\u00a0\u00bbdefault\u00a0\u00bb global_colors_info=\u00a0\u00bb{}\u00a0\u00bb][et_pb_text _builder_version=\u00a0\u00bb4.27.4&Prime; _module_preset=\u00a0\u00bbdefault\u00a0\u00bb text_font=\u00a0\u00bbABeeZee||||||||\u00a0\u00bb text_font_size=\u00a0\u00bb17px\u00a0\u00bb custom_margin=\u00a0\u00bb20px|||||\u00a0\u00bb global_colors_info=\u00a0\u00bb{}\u00a0\u00bb]<\/p>\n<p><strong>Consignes \u00e0 suivre<\/strong><\/p>\n<ul>\n<li>Apporter votre carte d\u2019assurance maladie<\/li>\n<li>Apporter votre demande d\u2019examen d\u00fbment sign\u00e9e par votre m\u00e9decin<\/li>\n<\/ul>\n<p>[\/et_pb_text][\/et_pb_column][\/et_pb_row][et_pb_row _builder_version=\u00a0\u00bb4.27.4&Prime; _module_preset=\u00a0\u00bbdefault\u00a0\u00bb global_colors_info=\u00a0\u00bb{}\u00a0\u00bb global_module=\u00a0\u00bb466&Prime; saved_tabs=\u00a0\u00bball\u00a0\u00bb][et_pb_column type=\u00a0\u00bb4_4&Prime; _builder_version=\u00a0\u00bb4.27.4&Prime; _module_preset=\u00a0\u00bbdefault\u00a0\u00bb global_colors_info=\u00a0\u00bb{}\u00a0\u00bb][et_pb_code _builder_version=\u00a0\u00bb4.27.4&Prime; _module_preset=\u00a0\u00bbdefault\u00a0\u00bb hover_enabled=\u00a0\u00bb0&Prime; global_colors_info=\u00a0\u00bb{}\u00a0\u00bb sticky_enabled=\u00a0\u00bb0&Prime;]<pee style=\"text-align: center;\"><a href=\"http:\/\/b0c.11e.mytemp.website\/o\/electrocardiogramme\/\">ECG \u00e0 l\u2019effort<\/a> | <a href=\"http:\/\/b0c.11e.mytemp.website\/o\/electrocardiogramme_repos\/\">ECG au repos<\/a> | <a href=\"http:\/\/b0c.11e.mytemp.website\/o\/kardia\/\">Kardia<\/a> | <a href=\"http:\/\/b0c.11e.mytemp.website\/o\/holter-2\/\">Holter<\/a> | <a href=\"http:\/\/b0c.11e.mytemp.website\/o\/echographie\/\">\u00c9chographie cardiaque<\/a> | <a href=\"http:\/\/b0c.11e.mytemp.website\/o\/consultation\/\">Consultation<\/a><\/pee><!-- [et_pb_line_break_holder] -->[\/et_pb_code][\/et_pb_column][\/et_pb_row][\/et_pb_section][et_pb_section fb_built=\u00a0\u00bb1&Prime; fullwidth=\u00a0\u00bbon\u00a0\u00bb _builder_version=\u00a0\u00bb4.27.4&Prime; _module_preset=\u00a0\u00bbdefault\u00a0\u00bb global_module=\u00a0\u00bb176&Prime; global_colors_info=\u00a0\u00bb{}\u00a0\u00bb][et_pb_fullwidth_code _builder_version=\u00a0\u00bb4.27.4&Prime; _module_preset=\u00a0\u00bbdefault\u00a0\u00bb global_colors_info=\u00a0\u00bb{}\u00a0\u00bb]<iframe src=\"https:\/\/www.google.com\/maps\/embed?pb=!1m18!1m12!1m3!1d2793.349175140276!2d-73.19001835843487!3d45.56341640736619!2m3!1f0!2f0!3f0!3m2!1i1024!2i768!4f13.1!3m3!1m2!1s0x4cc9ab25da4b0049%3A0x8ab7c5f0748e88da!2s370%20Bd%20Sir-Wilfrid-Laurier%2C%20Mont-Saint-Hilaire%2C%20QC%20J3H%205V3!5e0!3m2!1sfr!2sca!4v1746635399536!5m2!1sfr!2sca\" width=\"100%\" height=\"300\" style=\"border:0;\" allowfullscreen=\"\" loading=\"lazy\" referrerpolicy=\"no-referrer-when-downgrade\"><\/iframe>[\/et_pb_fullwidth_code][\/et_pb_section]<\/p>\n","protected":false},"excerpt":{"rendered":"<p>KardiaKardiaMobile communique par ultrasons avec votre smartphone. Ainsi, il suffit que l\u2019application soit ouverte et vous pouvez utiliser le dispositif : il est toujours connect\u00e9 !Gr\u00e2ce \u00e0 un ECG de 30 secondes seulement l\u2019application utilise ses algorithmes de d\u00e9tection de la Fibrillation Atriale pour donner un diagnostic : Normal ou Potentielle FA. Dispositif simple, l\u00e9ger [&hellip;]<\/p>\n","protected":false},"author":1,"featured_media":0,"parent":0,"menu_order":0,"comment_status":"closed","ping_status":"closed","template":"","meta":{"_et_pb_use_builder":"on","_et_pb_old_content":"","_et_gb_content_width":"","footnotes":""},"class_list":["post-374","page","type-page","status-publish","hentry"],"_links":{"self":[{"href":"https:\/\/www.centrecardio.com\/o\/wp-json\/wp\/v2\/pages\/374","targetHints":{"allow":["GET"]}}],"collection":[{"href":"https:\/\/www.centrecardio.com\/o\/wp-json\/wp\/v2\/pages"}],"about":[{"href":"https:\/\/www.centrecardio.com\/o\/wp-json\/wp\/v2\/types\/page"}],"author":[{"embeddable":true,"href":"https:\/\/www.centrecardio.com\/o\/wp-json\/wp\/v2\/users\/1"}],"replies":[{"embeddable":true,"href":"https:\/\/www.centrecardio.com\/o\/wp-json\/wp\/v2\/comments?post=374"}],"version-history":[{"count":6,"href":"https:\/\/www.centrecardio.com\/o\/wp-json\/wp\/v2\/pages\/374\/revisions"}],"predecessor-version":[{"id":468,"href":"https:\/\/www.centrecardio.com\/o\/wp-json\/wp\/v2\/pages\/374\/revisions\/468"}],"wp:attachment":[{"href":"https:\/\/www.centrecardio.com\/o\/wp-json\/wp\/v2\/media?parent=374"}],"curies":[{"name":"wp","href":"https:\/\/api.w.org\/{rel}","templated":true}]}}