{"id":385,"date":"2025-05-08T13:28:36","date_gmt":"2025-05-08T17:28:36","guid":{"rendered":"http:\/\/b0c.11e.mytemp.website\/o\/?page_id=385"},"modified":"2025-05-19T14:52:35","modified_gmt":"2025-05-19T18:52:35","slug":"holter-2","status":"publish","type":"page","link":"https:\/\/www.centrecardio.com\/o\/holter-2\/","title":{"rendered":"holter"},"content":{"rendered":"<p>[et_pb_section fb_built=\u00a0\u00bb1&Prime; _builder_version=\u00a0\u00bb4.27.4&Prime; _module_preset=\u00a0\u00bbdefault\u00a0\u00bb custom_padding=\u00a0\u00bb6px||3px|||\u00a0\u00bb global_colors_info=\u00a0\u00bb{}\u00a0\u00bb][et_pb_row _builder_version=\u00a0\u00bb4.27.4&Prime; _module_preset=\u00a0\u00bbdefault\u00a0\u00bb custom_padding=\u00a0\u00bb0px||7px|||\u00a0\u00bb global_colors_info=\u00a0\u00bb{}\u00a0\u00bb][et_pb_column type=\u00a0\u00bb4_4&Prime; _builder_version=\u00a0\u00bb4.27.4&Prime; _module_preset=\u00a0\u00bbdefault\u00a0\u00bb global_colors_info=\u00a0\u00bb{}\u00a0\u00bb][et_pb_image src=\u00a0\u00bbhttps:\/\/www.centrecardio.com\/o\/wp-content\/uploads\/2025\/05\/006ecg-1.png\u00a0\u00bb title_text=\u00a0\u00bb006ecg\u00a0\u00bb align=\u00a0\u00bbright\u00a0\u00bb _builder_version=\u00a0\u00bb4.27.4&Prime; _module_preset=\u00a0\u00bbdefault\u00a0\u00bb custom_margin=\u00a0\u00bb||-4px|||\u00a0\u00bb global_colors_info=\u00a0\u00bb{}\u00a0\u00bb][\/et_pb_image][et_pb_text _builder_version=\u00a0\u00bb4.27.4&Prime; _module_preset=\u00a0\u00bbdefault\u00a0\u00bb custom_margin=\u00a0\u00bb7px||2px|||\u00a0\u00bb global_colors_info=\u00a0\u00bb{}\u00a0\u00bb]<\/p>\n<h1>Holter<\/h1>\n<p>[\/et_pb_text][et_pb_text _builder_version=\u00a0\u00bb4.27.4&Prime; _module_preset=\u00a0\u00bbdefault\u00a0\u00bb text_font=\u00a0\u00bbABeeZee||||||||\u00a0\u00bb text_font_size=\u00a0\u00bb17px\u00a0\u00bb global_colors_info=\u00a0\u00bb{}\u00a0\u00bb]<\/p>\n<p style=\"text-align: justify;\"><span>Le Holter, appel\u00e9 \u00e9galement enregistrement ambulatoire de fr\u00e9quence cardiaque, est constitu\u00e9 d&rsquo;\u00e9lectrodes que l&rsquo;on fixe sur la poitrine et qui sont reli\u00e9es \u00e0 une petite pochette contenant un appareil d&rsquo;enregistrement. Plus pr\u00e9cis\u00e9ment, le Holter se pr\u00e9sente sous la forme d&rsquo;un enregistreur de la dimension d&rsquo;un cellulaire.<\/span><\/p>\n<p>[\/et_pb_text][\/et_pb_column][\/et_pb_row][et_pb_row column_structure=\u00a0\u00bb1_3,2_3&Prime; _builder_version=\u00a0\u00bb4.27.4&Prime; _module_preset=\u00a0\u00bbdefault\u00a0\u00bb custom_padding=\u00a0\u00bb11px||6px|||\u00a0\u00bb global_colors_info=\u00a0\u00bb{}\u00a0\u00bb][et_pb_column type=\u00a0\u00bb1_3&Prime; _builder_version=\u00a0\u00bb4.27.4&Prime; _module_preset=\u00a0\u00bbdefault\u00a0\u00bb global_colors_info=\u00a0\u00bb{}\u00a0\u00bb][et_pb_image src=\u00a0\u00bbhttps:\/\/www.centrecardio.com\/o\/wp-content\/uploads\/2025\/05\/holter2.jpg\u00a0\u00bb title_text=\u00a0\u00bbholter2&Prime; align=\u00a0\u00bbcenter\u00a0\u00bb _builder_version=\u00a0\u00bb4.27.4&Prime; _module_preset=\u00a0\u00bbdefault\u00a0\u00bb border_radii=\u00a0\u00bbon|15px|15px|15px|15px\u00a0\u00bb box_shadow_style=\u00a0\u00bbpreset2&Prime; box_shadow_horizontal=\u00a0\u00bb23px\u00a0\u00bb global_colors_info=\u00a0\u00bb{}\u00a0\u00bb][\/et_pb_image][\/et_pb_column][et_pb_column type=\u00a0\u00bb2_3&Prime; _builder_version=\u00a0\u00bb4.27.4&Prime; _module_preset=\u00a0\u00bbdefault\u00a0\u00bb global_colors_info=\u00a0\u00bb{}\u00a0\u00bb][et_pb_text _builder_version=\u00a0\u00bb4.27.4&Prime; _module_preset=\u00a0\u00bbdefault\u00a0\u00bb text_font=\u00a0\u00bbABeeZee||||||||\u00a0\u00bb text_font_size=\u00a0\u00bb17px\u00a0\u00bb global_colors_info=\u00a0\u00bb{}\u00a0\u00bb]<\/p>\n<p style=\"text-align: justify;\">Les \u00e9lectrodes sont coll\u00e9es sur la poitrine du patient permettant ainsi \u00e0 l&rsquo;appareil de capter les battements et l\u2019activit\u00e9 \u00e9lectrique du c\u0153ur et de les transmettre \u00e0 l&rsquo;enregistreur plac\u00e9 autour de la taille. Le patient peut donc continuer ses activit\u00e9s quotidiennes sans trop de d\u00e9rangement.<\/p>\n<p style=\"text-align: justify;\">Cet appareil enregistre, sur une p\u00e9riode de 24 ou 48 heures, le rythme cardiaque d&rsquo;un individu de fa\u00e7on \u00e0 y d\u00e9celer une \u00e9ventuelle arythmie. Ensuite, l\u2019enregistrement est analys\u00e9 en d\u00e9tail \u00e0 nos bureaux.<\/p>\n<p style=\"text-align: justify;\">Certains \u00e9v\u00e9nements de la journ\u00e9e (un repas copieux, certaines activit\u00e9s intenses, de fortes \u00e9motions, de grandes joies, des efforts soutenus, etc &#8230;) sont susceptibles de modifier le rythme cardiaque. Le patient doit donc noter tout ceci dans un journal de bord afin d&rsquo;aider le m\u00e9decin \u00e0 poser son diagnostic. Le m\u00e9decin peut ainsi effectuer des rapprochements entre les sympt\u00f4mes d\u00e9crits et l&rsquo;enregistrement \u00e9lectrocardiographique obtenu gr\u00e2ce au Holter.<\/p>\n<p style=\"text-align: justify;\">Par la suite, le rapport est interpr\u00e9t\u00e9 et sign\u00e9 par l&rsquo;un de nos m\u00e9decins et les r\u00e9sultats sont finalement transmis au m\u00e9decin de famille qui d\u00e9cide s\u2019il doit ou non d\u00e9buter un traitement.<\/p>\n<p>[\/et_pb_text][\/et_pb_column][\/et_pb_row][et_pb_row _builder_version=\u00a0\u00bb4.27.4&Prime; _module_preset=\u00a0\u00bbdefault\u00a0\u00bb custom_padding=\u00a0\u00bb3px|||||\u00a0\u00bb global_colors_info=\u00a0\u00bb{}\u00a0\u00bb][et_pb_column type=\u00a0\u00bb4_4&Prime; _builder_version=\u00a0\u00bb4.27.4&Prime; _module_preset=\u00a0\u00bbdefault\u00a0\u00bb global_colors_info=\u00a0\u00bb{}\u00a0\u00bb][et_pb_text _builder_version=\u00a0\u00bb4.27.4&Prime; _module_preset=\u00a0\u00bbdefault\u00a0\u00bb text_font=\u00a0\u00bbABeeZee||||||||\u00a0\u00bb text_font_size=\u00a0\u00bb17px\u00a0\u00bb custom_margin=\u00a0\u00bb20px|||||\u00a0\u00bb global_colors_info=\u00a0\u00bb{}\u00a0\u00bb]<\/p>\n<p><strong>Consignes \u00e0 suivre pour le HOLTER<\/strong><\/p>\n<ul>\n<li>Apporter votre carte d\u2019assurance maladie.<\/li>\n<li>Apporter votre demande d\u2019examen d\u00fbment sign\u00e9e par votre m\u00e9decin.<\/li>\n<li>\u00c9viter de mettre de la cr\u00e8me ou de la lotion sur le thorax.<\/li>\n<li>Le paiement doit \u00eatre fait en argent ou par ch\u00e8que au nom de<span>\u00a0<\/span><u>HOLTER ML.<\/u><\/li>\n<\/ul>\n<p>[\/et_pb_text][\/et_pb_column][\/et_pb_row][et_pb_row _builder_version=\u00a0\u00bb4.27.4&Prime; _module_preset=\u00a0\u00bbdefault\u00a0\u00bb custom_padding=\u00a0\u00bb9px|||||\u00a0\u00bb global_module=\u00a0\u00bb466&Prime; global_colors_info=\u00a0\u00bb{}\u00a0\u00bb][et_pb_column type=\u00a0\u00bb4_4&Prime; _builder_version=\u00a0\u00bb4.27.4&Prime; _module_preset=\u00a0\u00bbdefault\u00a0\u00bb global_colors_info=\u00a0\u00bb{}\u00a0\u00bb][et_pb_code _builder_version=\u00a0\u00bb4.27.4&Prime; _module_preset=\u00a0\u00bbdefault\u00a0\u00bb global_colors_info=\u00a0\u00bb{}\u00a0\u00bb]<pee style=\"text-align: center;\"><a href=\"https:\/\/www.centrecardio.com\/o\/electrocardiogramme\/\">ECG \u00e0 l\u2019effort<\/a> | <a href=\"https:\/\/www.centrecardio.com\/o\/electrocardiogramme_repos\/\">ECG au repos<\/a> | <a href=\"https:\/\/www.centrecardio.com\/o\/kardia\/\">Kardia<\/a> | <a href=\"https:\/\/www.centrecardio.com\/o\/holter-2\/\">Holter<\/a> | <a href=\"https:\/\/www.centrecardio.com\/o\/echographie\/\">\u00c9chographie cardiaque<\/a> | <a href=\"https:\/\/www.centrecardio.com\/o\/consultation\/\">Consultation<\/a> | <a href=\"https:\/\/www.centrecardio.com\/o\/cardiostat\/\">Cardiostat<\/a><\/pee> <!-- [et_pb_line_break_holder] --><!-- [et_pb_line_break_holder] -->[\/et_pb_code][\/et_pb_column][\/et_pb_row][\/et_pb_section][et_pb_section fb_built=\u00a0\u00bb1&Prime; fullwidth=\u00a0\u00bbon\u00a0\u00bb _builder_version=\u00a0\u00bb4.27.4&Prime; _module_preset=\u00a0\u00bbdefault\u00a0\u00bb global_module=\u00a0\u00bb176&Prime; global_colors_info=\u00a0\u00bb{}\u00a0\u00bb][et_pb_fullwidth_code _builder_version=\u00a0\u00bb4.27.4&Prime; _module_preset=\u00a0\u00bbdefault\u00a0\u00bb global_colors_info=\u00a0\u00bb{}\u00a0\u00bb]<iframe src=\"https:\/\/www.google.com\/maps\/embed?pb=!1m18!1m12!1m3!1d2793.349175140276!2d-73.19001835843487!3d45.56341640736619!2m3!1f0!2f0!3f0!3m2!1i1024!2i768!4f13.1!3m3!1m2!1s0x4cc9ab25da4b0049%3A0x8ab7c5f0748e88da!2s370%20Bd%20Sir-Wilfrid-Laurier%2C%20Mont-Saint-Hilaire%2C%20QC%20J3H%205V3!5e0!3m2!1sfr!2sca!4v1746635399536!5m2!1sfr!2sca\" width=\"100%\" height=\"300\" style=\"border:0;\" allowfullscreen=\"\" loading=\"lazy\" referrerpolicy=\"no-referrer-when-downgrade\"><\/iframe>[\/et_pb_fullwidth_code][\/et_pb_section]<\/p>\n","protected":false},"excerpt":{"rendered":"<p>HolterLe Holter, appel\u00e9 \u00e9galement enregistrement ambulatoire de fr\u00e9quence cardiaque, est constitu\u00e9 d&rsquo;\u00e9lectrodes que l&rsquo;on fixe sur la poitrine et qui sont reli\u00e9es \u00e0 une petite pochette contenant un appareil d&rsquo;enregistrement. Plus pr\u00e9cis\u00e9ment, le Holter se pr\u00e9sente sous la forme d&rsquo;un enregistreur de la dimension d&rsquo;un cellulaire.Les \u00e9lectrodes sont coll\u00e9es sur la poitrine du patient permettant [&hellip;]<\/p>\n","protected":false},"author":1,"featured_media":0,"parent":0,"menu_order":0,"comment_status":"closed","ping_status":"closed","template":"","meta":{"_et_pb_use_builder":"on","_et_pb_old_content":"","_et_gb_content_width":"","footnotes":""},"class_list":["post-385","page","type-page","status-publish","hentry"],"_links":{"self":[{"href":"https:\/\/www.centrecardio.com\/o\/wp-json\/wp\/v2\/pages\/385","targetHints":{"allow":["GET"]}}],"collection":[{"href":"https:\/\/www.centrecardio.com\/o\/wp-json\/wp\/v2\/pages"}],"about":[{"href":"https:\/\/www.centrecardio.com\/o\/wp-json\/wp\/v2\/types\/page"}],"author":[{"embeddable":true,"href":"https:\/\/www.centrecardio.com\/o\/wp-json\/wp\/v2\/users\/1"}],"replies":[{"embeddable":true,"href":"https:\/\/www.centrecardio.com\/o\/wp-json\/wp\/v2\/comments?post=385"}],"version-history":[{"count":7,"href":"https:\/\/www.centrecardio.com\/o\/wp-json\/wp\/v2\/pages\/385\/revisions"}],"predecessor-version":[{"id":578,"href":"https:\/\/www.centrecardio.com\/o\/wp-json\/wp\/v2\/pages\/385\/revisions\/578"}],"wp:attachment":[{"href":"https:\/\/www.centrecardio.com\/o\/wp-json\/wp\/v2\/media?parent=385"}],"curies":[{"name":"wp","href":"https:\/\/api.w.org\/{rel}","templated":true}]}}