{"id":396,"date":"2025-05-08T13:54:19","date_gmt":"2025-05-08T17:54:19","guid":{"rendered":"http:\/\/b0c.11e.mytemp.website\/o\/?page_id=396"},"modified":"2025-05-19T21:27:44","modified_gmt":"2025-05-20T01:27:44","slug":"echographie","status":"publish","type":"page","link":"https:\/\/www.centrecardio.com\/o\/echographie\/","title":{"rendered":"\u00c9chographie cardiaque"},"content":{"rendered":"<p>[et_pb_section fb_built=\u00a0\u00bb1&Prime; _builder_version=\u00a0\u00bb4.27.4&Prime; _module_preset=\u00a0\u00bbdefault\u00a0\u00bb custom_padding=\u00a0\u00bb||3px|||\u00a0\u00bb global_colors_info=\u00a0\u00bb{}\u00a0\u00bb][et_pb_row _builder_version=\u00a0\u00bb4.27.4&Prime; _module_preset=\u00a0\u00bbdefault\u00a0\u00bb custom_padding=\u00a0\u00bb||7px|||\u00a0\u00bb global_colors_info=\u00a0\u00bb{}\u00a0\u00bb][et_pb_column type=\u00a0\u00bb4_4&Prime; _builder_version=\u00a0\u00bb4.27.4&Prime; _module_preset=\u00a0\u00bbdefault\u00a0\u00bb global_colors_info=\u00a0\u00bb{}\u00a0\u00bb][et_pb_text _builder_version=\u00a0\u00bb4.27.4&Prime; _module_preset=\u00a0\u00bbdefault\u00a0\u00bb custom_margin=\u00a0\u00bb||2px|||\u00a0\u00bb global_colors_info=\u00a0\u00bb{}\u00a0\u00bb]<\/p>\n<h1>\u00c9cographie cardiaque<\/h1>\n<p>[\/et_pb_text][et_pb_text _builder_version=\u00a0\u00bb4.27.4&Prime; _module_preset=\u00a0\u00bbdefault\u00a0\u00bb text_font=\u00a0\u00bbABeeZee||||||||\u00a0\u00bb text_font_size=\u00a0\u00bb17px\u00a0\u00bb global_colors_info=\u00a0\u00bb{}\u00a0\u00bb]<\/p>\n<p style=\"text-align: justify;\"><span>L\u2019\u00e9chographie cardiaque ou \u00e9chographie transthoracique permet d\u2019enregistrer des images des diff\u00e9rentes structures du c\u0153ur \u00e0 l\u2019aide d\u2019une sonde \u00e0 ultrasons. Il permet de voir entre autres, les valves cardiaques, la contraction des ventricules, l\u2019aorte&#8230;<\/span><\/p>\n<p>[\/et_pb_text][\/et_pb_column][\/et_pb_row][et_pb_row column_structure=\u00a0\u00bb1_3,2_3&Prime; _builder_version=\u00a0\u00bb4.27.4&Prime; _module_preset=\u00a0\u00bbdefault\u00a0\u00bb custom_padding=\u00a0\u00bb||6px|||\u00a0\u00bb global_colors_info=\u00a0\u00bb{}\u00a0\u00bb][et_pb_column type=\u00a0\u00bb1_3&Prime; _builder_version=\u00a0\u00bb4.27.4&Prime; _module_preset=\u00a0\u00bbdefault\u00a0\u00bb global_colors_info=\u00a0\u00bb{}\u00a0\u00bb][et_pb_image src=\u00a0\u00bbhttps:\/\/www.centrecardio.com\/o\/wp-content\/uploads\/2025\/05\/ecg_repos.jpg\u00a0\u00bb title_text=\u00a0\u00bbecg_repos\u00a0\u00bb _builder_version=\u00a0\u00bb4.27.4&Prime; _module_preset=\u00a0\u00bbdefault\u00a0\u00bb hover_enabled=\u00a0\u00bb0&Prime; border_radii=\u00a0\u00bbon|15px|15px|15px|15px\u00a0\u00bb global_colors_info=\u00a0\u00bb{}\u00a0\u00bb force_fullwidth=\u00a0\u00bbon\u00a0\u00bb sticky_enabled=\u00a0\u00bb0&Prime;][\/et_pb_image][\/et_pb_column][et_pb_column type=\u00a0\u00bb2_3&Prime; _builder_version=\u00a0\u00bb4.27.4&Prime; _module_preset=\u00a0\u00bbdefault\u00a0\u00bb global_colors_info=\u00a0\u00bb{}\u00a0\u00bb][et_pb_text _builder_version=\u00a0\u00bb4.27.4&Prime; _module_preset=\u00a0\u00bbdefault\u00a0\u00bb text_font=\u00a0\u00bbABeeZee||||||||\u00a0\u00bb text_font_size=\u00a0\u00bb17px\u00a0\u00bb global_colors_info=\u00a0\u00bb{}\u00a0\u00bb]<\/p>\n<p style=\"text-align: justify;\"><span>Pour effectuer l\u2019examen, le patient est allong\u00e9 sur le c\u00f4t\u00e9 gauche. On colle d\u2019abord 3 \u00e9lectrodes sur la poitrine afin d&rsquo;enregistrer l\u2019activit\u00e9 \u00e9lectrique du c\u0153ur. On utilise ensuite une sonde \u00e9chographique enduite de gel qu\u2019on applique sur la poitrine du patient \u00e0 diff\u00e9rents endroits pour permettre de visualiser les diff\u00e9rentes parties du c\u0153ur.<\/span><\/p>\n<p style=\"text-align: justify;\"><span>L\u2019examen dure en moyenne entre 15 et 30 minutes. Lorsque l\u2019examen est termin\u00e9, le patient se fait expliquer imm\u00e9diatement les r\u00e9sultats de son examen par le cardiologue et un rapport complet est envoy\u00e9 au m\u00e9decin de famille.<\/span><\/p>\n<p>[\/et_pb_text][\/et_pb_column][\/et_pb_row][et_pb_row _builder_version=\u00a0\u00bb4.27.4&Prime; _module_preset=\u00a0\u00bbdefault\u00a0\u00bb custom_padding=\u00a0\u00bb3px|||||\u00a0\u00bb global_colors_info=\u00a0\u00bb{}\u00a0\u00bb][et_pb_column type=\u00a0\u00bb4_4&Prime; _builder_version=\u00a0\u00bb4.27.4&Prime; _module_preset=\u00a0\u00bbdefault\u00a0\u00bb global_colors_info=\u00a0\u00bb{}\u00a0\u00bb][et_pb_text _builder_version=\u00a0\u00bb4.27.4&Prime; _module_preset=\u00a0\u00bbdefault\u00a0\u00bb text_font=\u00a0\u00bbABeeZee||||||||\u00a0\u00bb text_font_size=\u00a0\u00bb17px\u00a0\u00bb custom_margin=\u00a0\u00bb20px|||||\u00a0\u00bb global_colors_info=\u00a0\u00bb{}\u00a0\u00bb]<\/p>\n<p><strong>Consignes \u00e0 suivre pour l\u2019 \u00e9chographie cardiaque<\/strong><\/p>\n<ul>\n<li>Apporter votre carte d\u2019assurance maladie.<\/li>\n<li>Apporter votre demande d\u2019examen d\u00fbment sign\u00e9e par votre m\u00e9decin.<\/li>\n<li>Apporter une liste \u00e0 jour (pharmacie) ou vos contenants de m\u00e9dicaments avec \u00e9tiquettes.<\/li>\n<li>Le paiement de l\u2019examen doit \u00eatre fait en argent, ch\u00e8que ou carte de cr\u00e9dit.<\/li>\n<\/ul>\n<p>[\/et_pb_text][\/et_pb_column][\/et_pb_row][et_pb_row _builder_version=\u00a0\u00bb4.27.4&Prime; _module_preset=\u00a0\u00bbdefault\u00a0\u00bb custom_padding=\u00a0\u00bb9px|||||\u00a0\u00bb global_module=\u00a0\u00bb466&Prime; global_colors_info=\u00a0\u00bb{}\u00a0\u00bb][et_pb_column type=\u00a0\u00bb4_4&Prime; _builder_version=\u00a0\u00bb4.27.4&Prime; _module_preset=\u00a0\u00bbdefault\u00a0\u00bb global_colors_info=\u00a0\u00bb{}\u00a0\u00bb][et_pb_code _builder_version=\u00a0\u00bb4.27.4&Prime; _module_preset=\u00a0\u00bbdefault\u00a0\u00bb global_colors_info=\u00a0\u00bb{}\u00a0\u00bb]<pee style=\"text-align: center;\"><a href=\"https:\/\/www.centrecardio.com\/o\/electrocardiogramme\/\">ECG \u00e0 l\u2019effort<\/a> | <a href=\"https:\/\/www.centrecardio.com\/o\/electrocardiogramme_repos\/\">ECG au repos<\/a> | <a href=\"https:\/\/www.centrecardio.com\/o\/kardia\/\">Kardia<\/a> | <a href=\"https:\/\/www.centrecardio.com\/o\/holter-2\/\">Holter<\/a> | <a href=\"https:\/\/www.centrecardio.com\/o\/echographie\/\">\u00c9chographie cardiaque<\/a> | <a href=\"https:\/\/www.centrecardio.com\/o\/consultation\/\">Consultation<\/a> | <a href=\"https:\/\/www.centrecardio.com\/o\/cardiostat\/\">Cardiostat<\/a><\/pee> <!-- [et_pb_line_break_holder] --><!-- [et_pb_line_break_holder] -->[\/et_pb_code][\/et_pb_column][\/et_pb_row][\/et_pb_section][et_pb_section fb_built=\u00a0\u00bb1&Prime; fullwidth=\u00a0\u00bbon\u00a0\u00bb _builder_version=\u00a0\u00bb4.27.4&Prime; _module_preset=\u00a0\u00bbdefault\u00a0\u00bb global_module=\u00a0\u00bb176&Prime; global_colors_info=\u00a0\u00bb{}\u00a0\u00bb][et_pb_fullwidth_code _builder_version=\u00a0\u00bb4.27.4&Prime; _module_preset=\u00a0\u00bbdefault\u00a0\u00bb global_colors_info=\u00a0\u00bb{}\u00a0\u00bb]<iframe src=\"https:\/\/www.google.com\/maps\/embed?pb=!1m18!1m12!1m3!1d2793.349175140276!2d-73.19001835843487!3d45.56341640736619!2m3!1f0!2f0!3f0!3m2!1i1024!2i768!4f13.1!3m3!1m2!1s0x4cc9ab25da4b0049%3A0x8ab7c5f0748e88da!2s370%20Bd%20Sir-Wilfrid-Laurier%2C%20Mont-Saint-Hilaire%2C%20QC%20J3H%205V3!5e0!3m2!1sfr!2sca!4v1746635399536!5m2!1sfr!2sca\" width=\"100%\" height=\"300\" style=\"border:0;\" allowfullscreen=\"\" loading=\"lazy\" referrerpolicy=\"no-referrer-when-downgrade\"><\/iframe>[\/et_pb_fullwidth_code][\/et_pb_section]<\/p>\n","protected":false},"excerpt":{"rendered":"<p>\u00c9cographie cardiaqueL\u2019\u00e9chographie cardiaque ou \u00e9chographie transthoracique permet d\u2019enregistrer des images des diff\u00e9rentes structures du c\u0153ur \u00e0 l\u2019aide d\u2019une sonde \u00e0 ultrasons. Il permet de voir entre autres, les valves cardiaques, la contraction des ventricules, l\u2019aorte&#8230;Pour effectuer l\u2019examen, le patient est allong\u00e9 sur le c\u00f4t\u00e9 gauche. On colle d\u2019abord 3 \u00e9lectrodes sur la poitrine afin d&rsquo;enregistrer [&hellip;]<\/p>\n","protected":false},"author":1,"featured_media":0,"parent":0,"menu_order":0,"comment_status":"closed","ping_status":"closed","template":"","meta":{"_et_pb_use_builder":"on","_et_pb_old_content":"","_et_gb_content_width":"","footnotes":""},"class_list":["post-396","page","type-page","status-publish","hentry"],"_links":{"self":[{"href":"https:\/\/www.centrecardio.com\/o\/wp-json\/wp\/v2\/pages\/396","targetHints":{"allow":["GET"]}}],"collection":[{"href":"https:\/\/www.centrecardio.com\/o\/wp-json\/wp\/v2\/pages"}],"about":[{"href":"https:\/\/www.centrecardio.com\/o\/wp-json\/wp\/v2\/types\/page"}],"author":[{"embeddable":true,"href":"https:\/\/www.centrecardio.com\/o\/wp-json\/wp\/v2\/users\/1"}],"replies":[{"embeddable":true,"href":"https:\/\/www.centrecardio.com\/o\/wp-json\/wp\/v2\/comments?post=396"}],"version-history":[{"count":10,"href":"https:\/\/www.centrecardio.com\/o\/wp-json\/wp\/v2\/pages\/396\/revisions"}],"predecessor-version":[{"id":719,"href":"https:\/\/www.centrecardio.com\/o\/wp-json\/wp\/v2\/pages\/396\/revisions\/719"}],"wp:attachment":[{"href":"https:\/\/www.centrecardio.com\/o\/wp-json\/wp\/v2\/media?parent=396"}],"curies":[{"name":"wp","href":"https:\/\/api.w.org\/{rel}","templated":true}]}}