{"id":540,"date":"2025-05-19T05:47:17","date_gmt":"2025-05-19T09:47:17","guid":{"rendered":"http:\/\/www.centrecardio.com\/o\/?page_id=540"},"modified":"2025-05-19T06:16:44","modified_gmt":"2025-05-19T10:16:44","slug":"cardiostat","status":"publish","type":"page","link":"https:\/\/www.centrecardio.com\/o\/cardiostat\/","title":{"rendered":"cardiostat"},"content":{"rendered":"<p>[et_pb_section fb_built=\u00a0\u00bb1&Prime; _builder_version=\u00a0\u00bb4.27.4&Prime; _module_preset=\u00a0\u00bbdefault\u00a0\u00bb global_colors_info=\u00a0\u00bb{}\u00a0\u00bb][et_pb_row _builder_version=\u00a0\u00bb4.27.4&Prime; _module_preset=\u00a0\u00bbdefault\u00a0\u00bb custom_padding=\u00a0\u00bb0px||0px|||\u00a0\u00bb global_colors_info=\u00a0\u00bb{}\u00a0\u00bb][et_pb_column type=\u00a0\u00bb4_4&Prime; _builder_version=\u00a0\u00bb4.27.4&Prime; _module_preset=\u00a0\u00bbdefault\u00a0\u00bb global_colors_info=\u00a0\u00bb{}\u00a0\u00bb][et_pb_image src=\u00a0\u00bbhttps:\/\/www.centrecardio.com\/o\/wp-content\/uploads\/2025\/05\/cardiostat.png\u00a0\u00bb title_text=\u00a0\u00bbcardiostat\u00a0\u00bb align=\u00a0\u00bbcenter\u00a0\u00bb _builder_version=\u00a0\u00bb4.27.4&Prime; _module_preset=\u00a0\u00bbdefault\u00a0\u00bb custom_margin=\u00a0\u00bb-7px|||||\u00a0\u00bb global_colors_info=\u00a0\u00bb{}\u00a0\u00bb][\/et_pb_image][\/et_pb_column][\/et_pb_row][et_pb_row column_structure=\u00a0\u00bb2_3,1_3&Prime; _builder_version=\u00a0\u00bb4.27.4&Prime; _module_preset=\u00a0\u00bbdefault\u00a0\u00bb hover_enabled=\u00a0\u00bb0&Prime; global_colors_info=\u00a0\u00bb{}\u00a0\u00bb sticky_enabled=\u00a0\u00bb0&Prime;][et_pb_column type=\u00a0\u00bb2_3&Prime; _builder_version=\u00a0\u00bb4.27.4&Prime; _module_preset=\u00a0\u00bbdefault\u00a0\u00bb global_colors_info=\u00a0\u00bb{}\u00a0\u00bb][et_pb_text _builder_version=\u00a0\u00bb4.27.4&Prime; _module_preset=\u00a0\u00bbdefault\u00a0\u00bb hover_enabled=\u00a0\u00bb0&Prime; global_colors_info=\u00a0\u00bb{}\u00a0\u00bb text_font=\u00a0\u00bbABeeZee||||||||\u00a0\u00bb sticky_enabled=\u00a0\u00bb0&Prime; header_font=\u00a0\u00bbABeeZee||||||||\u00a0\u00bb]<\/p>\n<p style=\"text-align: justify;\"><span style=\"color: #5e5e5e;\"><span style=\"font-family: myriad-pro, serif;\"><span style=\"font-size: large;\"><span>Le test CardioSTAT repose sur un enregistreur ECG compact et portable con\u00e7u pour une surveillance continue \u00e0 long terme. Sa disponibilit\u00e9 imm\u00e9diate et sa conformit\u00e9 au test in\u00e9gal\u00e9e font de CardioSTAT l&rsquo;outil ultime pour une surveillance cardiaque efficace.<\/span><\/span><\/span><\/span><\/p>\n<p><span style=\"color: #5e5e5e;\"><span style=\"font-family: myriad-pro, serif;\"><span style=\"font-size: large;\"><span><\/span><\/span><\/span><\/span><\/p>\n<ul>\n<li style=\"text-align: justify;\"><span style=\"color: #5e5e5e;\"><span style=\"font-family: myriad-pro, serif;\"><span style=\"font-size: large;\"><span>Dur\u00e9e disponible\u00a0: 7 ou 14 jours d&rsquo;enregistrement de haute qualit\u00e9<\/span><\/span><\/span><\/span><\/li>\n<li><span style=\"color: #5e5e5e;\"><span style=\"font-family: myriad-pro, serif;\"><span style=\"font-size: large;\"><span>Analyse pr\u00e9cise des donn\u00e9es ECG par des technologues certifi\u00e9s<\/span><\/span><\/span><\/span><\/li>\n<li>\n<p style=\"text-align: justify;\"><span style=\"color: #5e5e5e;\"><span style=\"font-family: myriad-pro, serif;\"><span style=\"font-size: large;\"><span>Rapport clair facilitant le diagnostic<\/span><\/span><\/span><\/span><\/p>\n<\/li>\n<\/ul>\n<p>[\/et_pb_text][\/et_pb_column][et_pb_column type=\u00a0\u00bb1_3&Prime; _builder_version=\u00a0\u00bb4.27.4&Prime; _module_preset=\u00a0\u00bbdefault\u00a0\u00bb global_colors_info=\u00a0\u00bb{}\u00a0\u00bb][et_pb_image src=\u00a0\u00bbhttps:\/\/www.centrecardio.com\/o\/wp-content\/uploads\/2025\/05\/cardiostat2-1.jpg\u00a0\u00bb title_text=\u00a0\u00bbcardiostat2&Prime; _builder_version=\u00a0\u00bb4.27.4&Prime; _module_preset=\u00a0\u00bbdefault\u00a0\u00bb global_colors_info=\u00a0\u00bb{}\u00a0\u00bb][\/et_pb_image][\/et_pb_column][\/et_pb_row][et_pb_row _builder_version=\u00a0\u00bb4.27.4&Prime; _module_preset=\u00a0\u00bbdefault\u00a0\u00bb custom_padding=\u00a0\u00bb9px|||||\u00a0\u00bb global_module=\u00a0\u00bb466&Prime; global_colors_info=\u00a0\u00bb{}\u00a0\u00bb][et_pb_column type=\u00a0\u00bb4_4&Prime; _builder_version=\u00a0\u00bb4.27.4&Prime; _module_preset=\u00a0\u00bbdefault\u00a0\u00bb global_colors_info=\u00a0\u00bb{}\u00a0\u00bb][et_pb_code _builder_version=\u00a0\u00bb4.27.4&Prime; _module_preset=\u00a0\u00bbdefault\u00a0\u00bb global_colors_info=\u00a0\u00bb{}\u00a0\u00bb]<pee style=\"text-align: center;\"><a href=\"https:\/\/www.centrecardio.com\/o\/electrocardiogramme\/\">ECG \u00e0 l\u2019effort<\/a> | <a href=\"https:\/\/www.centrecardio.com\/o\/electrocardiogramme_repos\/\">ECG au repos<\/a> | <a href=\"https:\/\/www.centrecardio.com\/o\/kardia\/\">Kardia<\/a> | <a href=\"https:\/\/www.centrecardio.com\/o\/holter-2\/\">Holter<\/a> | <a href=\"https:\/\/www.centrecardio.com\/o\/echographie\/\">\u00c9chographie cardiaque<\/a> | <a href=\"https:\/\/www.centrecardio.com\/o\/consultation\/\">Consultation<\/a> | <a href=\"https:\/\/www.centrecardio.com\/o\/cardiostat\/\">Cardiostat<\/a><\/pee> <!-- [et_pb_line_break_holder] --><!-- [et_pb_line_break_holder] -->[\/et_pb_code][\/et_pb_column][\/et_pb_row][\/et_pb_section]<\/p>\n","protected":false},"excerpt":{"rendered":"<p>Le test CardioSTAT repose sur un enregistreur ECG compact et portable con\u00e7u pour une surveillance continue \u00e0 long terme. Sa disponibilit\u00e9 imm\u00e9diate et sa conformit\u00e9 au test in\u00e9gal\u00e9e font de CardioSTAT l&rsquo;outil ultime pour une surveillance cardiaque efficace. Dur\u00e9e disponible\u00a0: 7 ou 14 jours d&rsquo;enregistrement de haute qualit\u00e9 Analyse pr\u00e9cise des donn\u00e9es ECG par des [&hellip;]<\/p>\n","protected":false},"author":1,"featured_media":0,"parent":0,"menu_order":0,"comment_status":"closed","ping_status":"closed","template":"","meta":{"_et_pb_use_builder":"on","_et_pb_old_content":"","_et_gb_content_width":"","footnotes":""},"class_list":["post-540","page","type-page","status-publish","hentry"],"_links":{"self":[{"href":"https:\/\/www.centrecardio.com\/o\/wp-json\/wp\/v2\/pages\/540","targetHints":{"allow":["GET"]}}],"collection":[{"href":"https:\/\/www.centrecardio.com\/o\/wp-json\/wp\/v2\/pages"}],"about":[{"href":"https:\/\/www.centrecardio.com\/o\/wp-json\/wp\/v2\/types\/page"}],"author":[{"embeddable":true,"href":"https:\/\/www.centrecardio.com\/o\/wp-json\/wp\/v2\/users\/1"}],"replies":[{"embeddable":true,"href":"https:\/\/www.centrecardio.com\/o\/wp-json\/wp\/v2\/comments?post=540"}],"version-history":[{"count":6,"href":"https:\/\/www.centrecardio.com\/o\/wp-json\/wp\/v2\/pages\/540\/revisions"}],"predecessor-version":[{"id":556,"href":"https:\/\/www.centrecardio.com\/o\/wp-json\/wp\/v2\/pages\/540\/revisions\/556"}],"wp:attachment":[{"href":"https:\/\/www.centrecardio.com\/o\/wp-json\/wp\/v2\/media?parent=540"}],"curies":[{"name":"wp","href":"https:\/\/api.w.org\/{rel}","templated":true}]}}